{"id":96,"date":"2017-07-15T16:49:58","date_gmt":"2017-07-15T16:49:58","guid":{"rendered":"http:\/\/viviconilcuore2019.it\/?page_id=96"},"modified":"2019-02-27T17:24:17","modified_gmt":"2019-02-27T17:24:17","slug":"condizioni-duso","status":"publish","type":"page","link":"https:\/\/test.cristianomichelangeli.com\/vivi2019\/condizioni-duso\/","title":{"rendered":"Condizioni d&#8217;uso"},"content":{"rendered":"\n<div class=\"col-md-12\">\n<p>Data di efficacia delle presenti condizioni  d&rsquo;uso del sito web (&ldquo;Condizioni d&rsquo;Uso&rdquo;): 01.07.2015<br \/>\nLa consultazione e l&rsquo;accesso al  sito web sono soggetti alle normative vigenti ed ai seguenti termini e condizioni.  Abbott invita l&rsquo;utente a non proseguire nella visita se non accetta i termini e  le condizioni qui riportati.<br \/>\nIl presente sito web www.viviconilcuore.it  (&ldquo;Sito Web&rdquo;) \u00e8 stato sviluppato ed \u00e8 di propriet\u00e0 della Abbott S.r.l. C.F.  00076670595, con sede legale in 00144 Roma, viale Giorgio Ribotta 9 (&ldquo;Abbott&rdquo;).<br \/>\nIl fornitore del servizio di  hosting \u00e8 Abbott S.r.l., con sede legale in 00144 Roma, viale Giorgio Ribotta 9.<\/p>\n<p>Fatti salvi i diritti dell&rsquo;utente  ai sensi della legge vigente, Abbott si riserva il diritto di modificare le presenti  Condizioni d&rsquo;Uso per adattarle ai progressi tecnologici, alle modifiche legislative  e regolamentari e alle buone pratiche commerciali. Qualora Abbott dovesse  modificare le presenti Condizioni d&rsquo;Uso, verr\u00e0 pubblicata una versione  aggiornata di queste Condizioni d&rsquo;Uso con i cambiamenti e dando atto di tali  modifiche mediante l&rsquo;aggiornamento della data di efficacia indicata all&rsquo;inizio delle  presenti Condizioni d&rsquo;Uso. Accedendo o utilizzando il Sito Web, l&rsquo;utente  riconosce di aver letto, compreso e accettato di essere soggetto alla versione attuale  delle presenti Condizioni d&rsquo;Uso disponibili quando si accede al Sito Web. In  caso di disaccordo con le presenti Condizioni d&rsquo;Uso, o insoddisfazione rispetto  al Sito Web, l&rsquo;unico ed esclusivo rimedio possibile \u00e8 quello di interrompere la  navigazione del presente Sito Web.<\/p>\n<h4>ESCLUSIONI DI RESPONSABILIT\u00c0<\/h4>\n<p>L&rsquo;utente prende atto ed accetta  che:<\/p>\n<ol>\n<li>Bench\u00e9 Abbott si impegni a fornire nel Sito Web gli ultimi  sviluppi relativi ai suoi prodotti e servizi, e altre informazioni  relative ad Abbott stessa, non si  garantisce la precisione, l&rsquo;efficacia e l&rsquo;adeguatezza  delle informazioni contenute nel Sito Web. Ogni utente si assume la piena responsabilit\u00e0 e tutti i rischi conseguenti all&rsquo;uso del Sito Web. Le  informazioni sono presentate &ldquo;COME SONO&rdquo; e possono contenere imprecisioni tecniche o errori tipografici. Abbott si  riserva il diritto di apportare aggiunte,  soppressioni o modifiche alle  informazioni contenute nel Sito Web  in qualsiasi momento e senza alcun  preavviso.<\/li>\n<li>Abbott  non rilascia dichiarazioni o garanzie di alcun tipo o natura per quanto  riguarda le informazioni o contenuti pubblicati nel Sito Web. Abbott non  riconosce alcuna dichiarazione e garanzia, esplicita o implicita, prevista per  legge, contratto o altra fonte, comprese, senza limitazione alcuna, le garanzie  di commerciabilit\u00e0, idoneit\u00e0 per un particolare scopo, titolo o non violazione.  In nessun caso Abbott sar\u00e0 ritenuta responsabile per danni di qualsiasi tipo o  natura, compresi, senza limitazione, danni diretti, indiretti, speciali (inclusa  la perdita di profitto), danni conseguenti o accidentali derivanti da, o in collegamento  con, l&rsquo;esistenza o l&rsquo;uso del Sito Web e\/o informazioni o contenuti pubblicati nel  Sito Web, indipendentemente dal fatto che Abbott sia stata avvertita della  possibilit\u00e0 di tali danni.<\/li>\n<li>Abbott  non \u00e8 responsabile, e non fornisce nessuna garanzia, per la precisione,  efficacia, tempestivit\u00e0 e adeguatezza di qualsiasi informazione o contenuto  ottenuto da terze parti, compresi eventuali collegamenti ipertestuali verso o  da siti di terze parti. Salvo quanto diversamente previsto nel Sito Web, Abbott  non modifica, censura o comunque controlla alcun contenuto fornito da terzi in  qualsiasi bacheca, chat room o altri forum analoghi pubblicati nel Sito Web. Tali  informazioni devono, pertanto, essere considerate non approvate e\/o controllate  da Abbott.<\/li>\n<li>Il  Sito Web potrebbe contenere affermazioni riferite al futuro che riflettono le  aspettative attuali di Abbott riguardo ad eventi futuri e allo sviluppo del  business. Le affermazioni riferite al futuro implicano rischi e incertezze. Gli  attuali sviluppi o risultati potrebbero differire significativamente da quelli  previsti e dipendono da una serie di fattori tra cui, a titolo esemplificativo,  ma non esaustivo, il successo dei programmi di ricerca in corso, i risultati di  studi clinici in atto o futuri, la commercializzazione in corso dei suoi  prodotti, autorizzazioni regolamentari di prodotti farmaceutici, la validit\u00e0 e la  tutela dei suoi brevetti, la stabilit\u00e0 dei suoi rapporti commerciali, e le  condizioni economiche generali. Abbott intende aggiornare regolarmente il Sito  Web ma non si assume alcun obbligo di aggiornare qualsiasi contenuto.<\/li>\n<\/ol>\n<h4>USO<\/h4>\n<p>L&rsquo;utente \u00e8 consapevole, riconosce  e accetta quanto segue:<\/p>\n<ol>\n<li>Utilizzando  il Sito Web, l&rsquo;utente accetta di non interrompere o intercettare le  informazioni elettroniche di Abbott pubblicate nel Sito Web o in uno qualsiasi  dei servers riconducibili ad Abbott stessa. Si impegna inoltre a non tentare di  aggirare nessuna delle misure di sicurezza del Sito Web, e di rispettare tutte  le leggi, norme e regolamenti vigenti, locali, statali, dell&rsquo;Unione Europea ed  internazionali.<\/li>\n<li>L&rsquo;utente  concede ad Abbott il diritto di utilizzare tutti i contenuti che lo stesso  utente abbia caricato o trasmesso nel Sito Web, nel rispetto delle presenti  Condizioni d&rsquo;Uso e della Privacy &amp; Cookies Policy di Abbott, in qualsiasi  modo Abbott scelga, tra cui, a titolo esemplificativo ma non esaustivo, la  copia, la visualizzazione, l&rsquo;esecuzione o la pubblicazione in qualsiasi  formato, modificandolo, incorporandolo in altro materiale o facendo un lavoro  derivato che si basi su di esso. Nei limiti consentiti dalla legge vigente l&rsquo;utente  rinuncia a qualsiasi diritto morale e d&rsquo;autore che possa vantare sul contenuto  caricato o trasmesso nel Sito Web (ove presente).<\/li>\n<li>Salvo  quanto espressamente previsto e concordato in anticipo con Abbott, nessun  rapporto confidenziale potr\u00e0 essere istituito nel caso in cui un utente del  Sito Web debba fare qualsiasi comunicazione orale, scritta o elettronica ad  Abbott (come, ad esempio, feedback, domande, commenti, suggerimenti, idee, etc.).  Qualora il Sito Web preveda o richieda che siano fornite alcune informazioni e  tali informazioni contengano dati di identificazione personale (ad esempio,  nome, indirizzo, numero di telefono, indirizzo e-mail), Abbott li raccoglier\u00e0, utilizzer\u00e0  e gestir\u00e0 secondo criteri conformi alla Privacy &amp; Cookies Policy di Abbott  o a separata informativa privacy che sar\u00e0 all&rsquo;uopo fornita all&rsquo;utente. In caso  co<a name=\"_GoBack\"><\/a>ntrario, tali comunicazioni e qualsiasi informazione  fornita in tal sede non si considerer\u00e0 riservata e Abbott avr\u00e0 la possibilit\u00e0  di riprodurre, pubblicare o utilizzare in altro modo tali informazioni per  qualsiasi finalit\u00e0, compresi, senza alcuna limitazione, la ricerca, lo  sviluppo, la produzione, l&rsquo;uso o la vendita di prodotti in qualche modo  ricollegabili a tali informazioni. Il titolare di qualsiasi informazione fornita  ad Abbott \u00e8 pienamente responsabile del contenuto della stessa, ivi compresa la  sua veridicit\u00e0, accuratezza e non violazione di diritti di propriet\u00e0 intellettuale  o di privacy di altre persone.<\/li>\n<\/ol>\n<h4>ETICHETTATURA<\/h4>\n<p>I nomi dei prodotti, le descrizioni  e l&rsquo;etichettatura possono essere di origine statunitense o provenire da un paese  terzo che non \u00e8 il paese di residenza dell&rsquo;utente. I prodotti possono non  essere disponibili in tutti i paesi o possono essere disponibili con un marchio  diverso, in diversi dosaggi, o per diverse indicazioni. Molti dei prodotti  elencati sono disponibili solo su prescrizione medica attraverso il servizio  sanitario nazionale. Salvo quanto espressamente previsto e concordato in  anticipo con Abbott, nessun dirigente, dipendente, agente o rappresentante di  Abbott, le sue controllate e collegate si impegnano a rendere consulenza  medica, diagnosi, trattamento o altri servizi medici che in qualche modo creino  un rapporto medico-paziente attraverso il Sito Web.<\/p>\n<h4>PROPRIET\u00c0 INTELLETTUALE<\/h4>\n<p>Le informazioni, i documenti, e  le immagini correlate pubblicate nel Sito Web (le &ldquo;Informazioni&rdquo;) sono di  propriet\u00e0 esclusiva di Abbott, ad eccezione delle informazioni fornite da  provider terzi sotto contratto con Abbott. Il permesso di utilizzare le Informazioni  \u00e8 concesso, a condizione che (1) il segno di copyright appaia su tutte le  copie; (2) l&rsquo;uso delle Informazioni sia solo per scopo informativo e non  commerciale o personale; (3) le Informazioni non vengano modificate in alcun  modo; e (4) nessuna immagine disponibile in questo Sito Web venga utilizzata  separatamente dal relativo testo. Abbott non \u00e8 responsabile dei contenuti  forniti da provider terzi, e si fa divieto di distribuzione di tale materiale  senza l&rsquo;autorizzazione del titolare dei relativi diritti d&rsquo;autore. Ad eccezione  di quanto consentito sopra, nessuna licenza o diritto, esplicito o implicito, \u00e8  concesso a qualsiasi persona in ordine a qualsiasi brevetto, marchio o altro  diritto di propriet\u00e0 di Abbott. <br \/>\n                                Nessun uso di qualsiasi marchio  commerciale di Abbott, denominazioni commerciali, veste commerciale e prodotti indicati  nel Sito Web pu\u00f2 essere fatto senza la previa autorizzazione scritta da parte  di Abbott, salvo che per identificare il prodotto o il servizio della societ\u00e0  Abbott stessa.<\/p>\n<h4>SICUREZZA<\/h4>\n<p>Abbott si impegna a salvaguardare  la privacy online perch\u00e9 comprende l&rsquo;importanza della privacy dei clienti e dei  visitatori del Sito Web. L&rsquo;uso da parte di Abbott dei dati personali \u00e8 regolato  dalla Privacy &amp; Cookies Policy e, accedendo e utilizzando il Sito Web, l&rsquo;utente  accetta di essere assoggettato a tale Policy.<br \/>\n                              L&rsquo;utente riconosce ed accetta  che, sebbene Abbott fornisca ampia protezione per prevenire accessi non  autorizzati o intercettazioni, comunicando le proprie informazioni personali nel  Sito Web non pu\u00f2 essere data alcuna garanzia assoluta di sicurezza. Nel caso  improbabile di intercettazione o accesso non autorizzato, nonostante il massimo  sforzo di Abbott, quest&rsquo;ultima non sar\u00e0 responsabile di tali intercettazioni o accessi  non autorizzati o danni diretti, indiretti, speciali, accidentali o conseguenti  (incluso il mancato profitto) subiti da un cliente o utente. Anche se Abbott abbia  precedentemente informato l&rsquo;utente della possibilit\u00e0 di tali danni, la stessa  non garantisce, esplicitamente o implicitamente, che le informazioni fornite dall&rsquo;utente  saranno esenti dal rischio di intercettazioni o accessi non autorizzati, e non  fornisce alcuna garanzia di commerciabilit\u00e0 e idoneit\u00e0 per un particolare  scopo. Ogni cliente \u00e8 responsabile della riservatezza della propria password.<\/p>\n<h4>LIMITAZIONE DI RESPONSABILIT\u00c0<\/h4>\n<p>Abbott non si assume alcuna  responsabilit\u00e0 per i materiali, le informazioni e le opinioni fornite,  pubblicate, o comunque disponibili attraverso il Sito Web. Il ricorso a questi  materiali, alle informazioni e alle opinioni sono esclusivamente a proprio  rischio. Abbott declina ogni responsabilit\u00e0 per lesioni o danni derivanti dall&rsquo;uso  del Sito Web, o il contenuto in esso presente.<br \/>\n                              Il Sito Web, il contenuto del Sito  Web e prodotti e servizi forniti sul, o disponibili tramite il, Sito Web sono  forniti COME SONO&rdquo; e &ldquo;COME DISPONIBILI&rdquo;, con tutti i difetti. In nessun caso Abbott  o i suoi fornitori, o loro rispettivi direttori, dipendenti o agenti (&ldquo;Parti Abbott&rdquo;)  sar\u00e0 responsabile per eventuali danni di qualsiasi tipo, sotto qualsiasi regime  giuridico, derivante da o in relazione con l&rsquo;uso o incapacit\u00e0 di usare il Sito  Web, il contenuto del Sito Web, ai servizi forniti su o attraverso il Sito Web  o qualunque sito, ivi compresi i danni diretti, indiretti, morali, incidentali,  esemplari, compresi, ma non solo, le lesioni personali, la perdita di profitto o  i danni derivanti da ritardo, interruzione del servizio, virus, eliminazione di  files o comunicazioni elettroniche o errori, omissioni o altre imprecisioni nel  Sito Web o nel contenuto del Sito Web, sia in caso di negligenza o meno di Abbott,  sia che Abbott sia stata informata della possibilit\u00e0 di tali danni. L&rsquo;utente  accetta che, indipendentemente da qualsiasi legge vigente di senso contrario, non \u00e8 possibile presentare  reclami o altre azioni derivanti o relative al Sito Web o alle presenti Condizioni d&rsquo;Uso oltre il  termine di un (1) anno dalla data di  insorgenza del motivo di tale reclamo o altra azione.<br \/>\n                              Si avvisa che ulteriori note  legali, esclusioni di responsabilit\u00e0 e altri termini e condizioni potranno  applicarsi al Sito Web.<\/p>\n<h4>NORME GENERALI<\/h4>\n<p>L&rsquo;utente accetta che le presenti  Condizioni d&rsquo;Uso e la Privacy &amp; Cookies Policy descrivono l&rsquo;intero accordo  tra le parti in relazione a quanto in oggetto.<\/p>\n<\/p><\/div>\n<\/p><\/div>\n","protected":false},"excerpt":{"rendered":"<p>Data di efficacia delle presenti condizioni d&rsquo;uso del sito web (&ldquo;Condizioni d&rsquo;Uso&rdquo;): 01.07.2015 La consultazione e l&rsquo;accesso al sito web sono soggetti alle normative vigenti ed ai seguenti termini e condizioni. Abbott invita l&rsquo;utente a non proseguire nella visita se non accetta i termini e le condizioni qui riportati. Il presente sito web www.viviconilcuore.it (&ldquo;Sito<\/p>\n","protected":false},"author":2,"featured_media":0,"parent":0,"menu_order":0,"comment_status":"closed","ping_status":"closed","template":"","meta":[],"_links":{"self":[{"href":"https:\/\/test.cristianomichelangeli.com\/vivi2019\/wp-json\/wp\/v2\/pages\/96"}],"collection":[{"href":"https:\/\/test.cristianomichelangeli.com\/vivi2019\/wp-json\/wp\/v2\/pages"}],"about":[{"href":"https:\/\/test.cristianomichelangeli.com\/vivi2019\/wp-json\/wp\/v2\/types\/page"}],"author":[{"embeddable":true,"href":"https:\/\/test.cristianomichelangeli.com\/vivi2019\/wp-json\/wp\/v2\/users\/2"}],"replies":[{"embeddable":true,"href":"https:\/\/test.cristianomichelangeli.com\/vivi2019\/wp-json\/wp\/v2\/comments?post=96"}],"version-history":[{"count":6,"href":"https:\/\/test.cristianomichelangeli.com\/vivi2019\/wp-json\/wp\/v2\/pages\/96\/revisions"}],"predecessor-version":[{"id":3207,"href":"https:\/\/test.cristianomichelangeli.com\/vivi2019\/wp-json\/wp\/v2\/pages\/96\/revisions\/3207"}],"wp:attachment":[{"href":"https:\/\/test.cristianomichelangeli.com\/vivi2019\/wp-json\/wp\/v2\/media?parent=96"}],"curies":[{"name":"wp","href":"https:\/\/api.w.org\/{rel}","templated":true}]}}