{"id":82,"date":"2017-07-15T16:48:13","date_gmt":"2017-07-15T16:48:13","guid":{"rendered":"http:\/\/viviconilcuore2019.it\/?page_id=82"},"modified":"2019-02-27T16:22:10","modified_gmt":"2019-02-27T16:22:10","slug":"fatti-e-cifre","status":"publish","type":"page","link":"https:\/\/test.cristianomichelangeli.com\/vivi2019\/fatti-e-cifre\/","title":{"rendered":"Lo sapevi che?"},"content":{"rendered":"<article>\n<div class=\"row\">\n<div class=\"col-md-2\">\n                            <img class=\"image-responsive\" src=\"img\/cuoreperc.png\">\n                        <\/div>\n<div class=\"col-md-10\">\n<p>Le malattie cardiovascolari e l\u2019infarto sono la causa di morte pi\u00f9 comune nella donna, pi\u00f9 che tutte le forme di cancro, con oltre il 41% di tutti i decessi contro il 33,7% degli uomini. <\/p>\n<\/p><\/div>\n<\/p><\/div>\n<div class=\"row\">\n<div class=\"col-md-2\">\n                            <img class=\"image-responsive\" src=\"img\/info15.png\">\n                        <\/div>\n<div class=\"col-md-10\">\n<p>Ogni anno pi\u00f9 di <b>una donna su 3<\/b> in Italia muore a causa di una malattia del cuore, in media una donna ogni 5 minuti. Le malattie cardiovascolari uccidono pi\u00f9 donne che uomini, per quanto a un\u2019et\u00e0 pi\u00f9 avanzata.<\/p>\n<\/p><\/div>\n<\/p><\/div>\n<div class=\"row\">\n<div class=\"col-md-2\">\n                            <img class=\"image-responsive\" src=\"img\/ipertenzione.png\">\n                        <\/div>\n<div class=\"col-md-10\">\n<p>L\u2019ipertensione arteriosa sistolica (cio\u00e8 il valore massimo) in et\u00e0 avanzata \u00e8 pi\u00f9 frequente nella donna rispetto all\u2019uomo. Il 60% delle donne italiane in menopausa risulta ipertesa.<\/p>\n<\/p><\/div>\n<\/p><\/div>\n<div class=\"row\">\n<div class=\"col-md-2\">\n                            <img class=\"image-responsive\" src=\"img\/coleste.png\">\n                        <\/div>\n<div class=\"col-md-10\">\n<p> La donna raggiunge i massimi valori di colesterolo verso i 60 anni di et\u00e0, circa 10 anni dopo l\u2019uomo. Il 56% delle donne italiane in menopausa ha l\u2019ipercolesterolemia.<\/p>\n<\/p><\/div>\n<\/p><\/div>\n<div class=\"row\">\n<div class=\"col-md-2\">\n                            <img class=\"image-responsive\" src=\"img\/infoobb.png\">\n                        <\/div>\n<div class=\"col-md-10\">\n<p>L\u2019obesit\u00e0 \u00e8 molto pi\u00f9 frequente nelle donne di mezza et\u00e0 e di et\u00e0 avanzata rispetto agli uomini coetanei, tanto che il 69% delle donne italiane in menopausa \u00e8 in sovrappeso o risulta obesa.<\/p>\n<\/p><\/div>\n<\/p><\/div>\n<div class=\"row\">\n<div class=\"col-md-2\">\n                            <img class=\"image-responsive\" src=\"img\/diabe.png\">\n                        <\/div>\n<div class=\"col-md-10\">\n<p>Il 13% delle donne italiane in menopausa ha il diabete, di cui il 27% non consapevole di avere un valore di glicemia cos\u00ec elevato. Il 16% delle donne italiane in menopausa fuma in media 12 sigarette al giorno. <\/p>\n<\/p><\/div>\n<\/p><\/div>\n<p>L\u2019evoluzione delle malattie cardiovascolari \u00e8 generalmente peggiore nella donna che nell\u2019uomo. Nella donna il rischio cardiovascolare insorge dieci anni dopo l\u2019uomo: una donna di 55 anni ha esattamente lo stesso rischio di un uomo di 45.<\/p>\n<\/article>\n","protected":false},"excerpt":{"rendered":"<p>Le malattie cardiovascolari e l\u2019infarto sono la causa di morte pi\u00f9 comune nella donna, pi\u00f9 che tutte le forme di cancro, con oltre il 41% di tutti i decessi contro il 33,7% degli uomini. Ogni anno pi\u00f9 di una donna su 3 in Italia muore a causa di una malattia del cuore, in media una<\/p>\n","protected":false},"author":2,"featured_media":0,"parent":0,"menu_order":0,"comment_status":"closed","ping_status":"closed","template":"","meta":[],"_links":{"self":[{"href":"https:\/\/test.cristianomichelangeli.com\/vivi2019\/wp-json\/wp\/v2\/pages\/82"}],"collection":[{"href":"https:\/\/test.cristianomichelangeli.com\/vivi2019\/wp-json\/wp\/v2\/pages"}],"about":[{"href":"https:\/\/test.cristianomichelangeli.com\/vivi2019\/wp-json\/wp\/v2\/types\/page"}],"author":[{"embeddable":true,"href":"https:\/\/test.cristianomichelangeli.com\/vivi2019\/wp-json\/wp\/v2\/users\/2"}],"replies":[{"embeddable":true,"href":"https:\/\/test.cristianomichelangeli.com\/vivi2019\/wp-json\/wp\/v2\/comments?post=82"}],"version-history":[{"count":5,"href":"https:\/\/test.cristianomichelangeli.com\/vivi2019\/wp-json\/wp\/v2\/pages\/82\/revisions"}],"predecessor-version":[{"id":3025,"href":"https:\/\/test.cristianomichelangeli.com\/vivi2019\/wp-json\/wp\/v2\/pages\/82\/revisions\/3025"}],"wp:attachment":[{"href":"https:\/\/test.cristianomichelangeli.com\/vivi2019\/wp-json\/wp\/v2\/media?parent=82"}],"curies":[{"name":"wp","href":"https:\/\/api.w.org\/{rel}","templated":true}]}}