{"id":135,"date":"2017-07-16T00:34:47","date_gmt":"2017-07-16T00:34:47","guid":{"rendered":"http:\/\/viviconilcuore2019.it\/?page_id=135"},"modified":"2019-02-27T17:17:24","modified_gmt":"2019-02-27T17:17:24","slug":"al-pronto-soccorso","status":"publish","type":"page","link":"https:\/\/test.cristianomichelangeli.com\/vivi2019\/al-pronto-soccorso\/","title":{"rendered":"Al pronto soccorso"},"content":{"rendered":"<div class=\"col-md-10\"><!-- Nav tabs --><\/p>\n<ul class=\"nav nav-pills nav-justified\" role=\"tablist\">\n<li style=\"list-style-type: none\">\n<ul class=\"nav nav-pills nav-justified\" role=\"tablist\">\n<li><a role=\"tab\" href=\"#lipidico\" data-toggle=\"tab\">Profilo lipidico<\/a><\/li>\n<li><a role=\"tab\" href=\"#Trigliceridemia\" data-toggle=\"tab\">Trigliceridemia<\/a><\/li>\n<li><a role=\"tab\" href=\"#Glicemia\" data-toggle=\"tab\">Glicemia<\/a><\/li>\n<li><a role=\"tab\" href=\"#reattiva\" data-toggle=\"tab\">Proteina C-reattiva<\/a><\/li>\n<li><a role=\"tab\" href=\"#Fibrinogeno\" data-toggle=\"tab\">Fibrinogeno<\/a><\/li>\n<li><a role=\"tab\" href=\"#arteriosa\" data-toggle=\"tab\">Pressione arteriosa<\/a><\/li>\n<li><a role=\"tab\" href=\"#vita\" data-toggle=\"tab\">Circonferenza vita<\/a><\/li>\n<\/ul>\n<\/li>\n<\/ul>\n<p>&nbsp;<\/p>\n<ul class=\"nav nav-pills nav-justified\" role=\"tablist\">\n<li><a role=\"tab\" href=\"#IMC\" data-toggle=\"tab\">Indice di Massa Corporea (IMC)<\/a><\/li>\n<li><a role=\"tab\" href=\"#Elettrocardiogramma\" data-toggle=\"tab\">Elettrocardiogramma<\/a><\/li>\n<li><a role=\"tab\" href=\"#Ecocardiografia\" data-toggle=\"tab\">Ecocardiografia<\/a><\/li>\n<li><a role=\"tab\" href=\"#doppler\" data-toggle=\"tab\">Eco-doppler<\/a><\/li>\n<li><a role=\"tab\" href=\"#Coronarografia\" data-toggle=\"tab\">Coronarografia<\/a><\/li>\n<li><a role=\"tab\" href=\"#computerizzata\" data-toggle=\"tab\">Tomografia computerizzata<\/a><\/li>\n<li><a role=\"tab\" href=\"#Soccorso\" data-toggle=\"tab\">Al Pronto Soccorso<\/a><\/li>\n<\/ul>\n<p><!-- Tab panes --><\/p>\n<div class=\"tab-content\">\n<div id=\"lipidico\" class=\"tab-pane active\">\n<p>&nbsp;<\/p>\n<p>Il colesterolo in pi\u00f9 nel sangue pu\u00f2 essere depositato sotto forma di placche sulle pareti dei vasi sanguigni e questi accumuli possono diminuire o bloccare il passaggio di sangue. L\u2019esame per valutare il colesterolo totale nel sangue fa parte del cosiddetto profilo lipidico, un insieme di valori che permettono al medico di capire quanti grassi circolano nel sangue e di che tipo: il colesterolo totale rappresenta la somma di questi grassi e permette una stima del rischio di complicazioni cardiovascolari.<br \/>\nIl colesterolo totale dovrebbe essere inferiore a 200 mg\/dl<br \/>\nUn livello di colesterolo LDL (colesterolo cattivo) normale deve essere inferiore a 100 mg\/dl<br \/>\nUn buon livello di colesterolo HDL (colesterolo buono) dovrebbe essere superiore ai 50 mg\/dl<\/p>\n<\/div>\n<div id=\"Trigliceridemia\" class=\"tab-pane\">\n<p>&nbsp;<\/p>\n<p>Come per altri valori del profilo lipidico un eccessiva quantit\u00e0 circolante aumenta il rischio di malattie cardiovascolari. Il livello dei trigliceridi dovrebbe essere inferiore ai 150 mg\/dl<\/p>\n<\/div>\n<div id=\"Glicemia\" class=\"tab-pane\">\n<p>&nbsp;<\/p>\n<p>La quantit\u00e0 di glucosio (zucchero) nel sangue prende il nome di glicemia ed \u00e8 in genere il primo esame che viene richiesto quando si sospetta un possibile diabete.<br \/>\nmisurati a digiuno si considerano nella norma valori compresi tra 70 e 99 mg\/dl. Si parla di diabete quando la glicemia misurata a digiuno almeno due volte a distanza di una settimana \u00e8 uguale o superiore a 126 mg\/dl.<\/p>\n<\/div>\n<div id=\"reattiva\" class=\"tab-pane\">\n<p>&nbsp;<\/p>\n<p>La proteina C-reattiva (PCR e PCR ad alta sensibilit\u00e0) \u00e8 una proteina che il fegato produce come risposta del corpo alle infezioni ed \u00e8 un segno di infiammazione in qualche parte del corpo. L&#8217;infiammazione svolge un ruolo chiave nel processo di aterosclerosi, in cui i depositi grasso intasano le arterie. Questo esame del sangue, insieme ad altri fattori di rischio, contribuisce a creare un quadro generale della salute del cuore. Sono considerati normali valori inferiori a 8 mg\/l.<\/p>\n<\/div>\n<div id=\"Fibrinogeno\" class=\"tab-pane\">\n<p>&nbsp;<\/p>\n<p>Il fibrinogeno \u00e8 un fattore della coagulazione (fattore I), cio\u00e8 una proteina necessaria al meccanismo di coagulazione del sangue. Quando il livello \u00e8 pi\u00f9 alto del normale aumenta il rischio di formazione di trombi che, con l\u2019andare del tempo, potrebbero contribuire ad aumentare il rischio di patologie cardiovascolari.<br \/>\nPer le donne sono considerati normali valori compresi tra 200 e 430 mg\/dl.<\/p>\n<\/div>\n<div id=\"arteriosa\" class=\"tab-pane\">\n<p>&nbsp;<\/p>\n<p>La misurazione della pressione arteriosa serve ad accertare un\u2019eventuale ipertensione. Anche se sei in trattamento per ipertensione devi misurarti regolarmente la pressione per controllare la terapia. Lo puoi fare anche da sola a casa. Si considera \u201cdesiderabile\u201d una pressione che non supera i 120 mmHg per la sistolica e gli 80 mmHg per la diastolica.<\/p>\n<\/div>\n<div id=\"vita\" class=\"tab-pane\">\n<p>&nbsp;<\/p>\n<p>E&#8217; un indicatore della quantit\u00e0 di grasso presente nella regione addominale, essendo il tessuto adiposo viscerale associato ad un pi\u00f9 elevato rischio per la salute e costituisce un fattore predittivo indipendente di rischio. La circonferenza vita deve essere misurata appena sopra l\u2019ombelico. Viene considerata \u201cdesiderabile\u201d se \u00e8 inferiore a 80 centimetri nelle donne.<\/p>\n<\/div>\n<div id=\"IMC\" class=\"tab-pane\">\n<p>&nbsp;<\/p>\n<p>\u00c8 un valore numerico ottenuto dal rapporto del peso espresso in Kg e l&#8217;altezza espressa in m al quadrato, \u00e8 l&#8217;indicatore oggi pi\u00f9 utilizzato nella valutazione clinica e nella classificazione del Sovrappeso e dell&#8217;Obesit\u00e0.<br \/>\nFormula per calcolare l\u2019IMC: peso\/altezza al quadrato. Ad esempio se pesi 55 Kg e sei alta 1,60m il tuo IMC sar\u00e0: 55\/(1,60&#215;1,60) = 21<br \/>\nSei sottopeso se il tuo indice di massa corporea \u00e8 inferiore a 18,5 Kg\/m\u00b2<br \/>\nSei normopeso se il tuo indice di massa corporea \u00e8 compreso tra 18,5 e 24,9 Kg\/m\u00b2<br \/>\nSei sovrappeso, se il tuo indice di massa corporea \u00e8 compreso tra 25 Kg\/m\u00b2 e 29,9 Kg\/m\u00b2<br \/>\nSei obesa, se il tuo indice di massa corporea \u00e8 uguale o superiore a 30 Kg\/m\u00b2.<\/p>\n<\/div>\n<div id=\"Elettrocardiogramma\" class=\"tab-pane\">\n<p>&nbsp;<\/p>\n<p>L\u2019ECG permette di accertare un precedente infarto cardiaco, un disturbo dell\u2019irrorazione sanguigna del cuore o disturbi del ritmo cardiaco. L&#8217;elettrocardiogramma, insieme con il dosaggio nel sangue degli enzimi provenienti dalle cellule cardiache danneggiate, \u00e8 l&#8217;esame fondamentale per diagnosticare un infarto.<\/p>\n<\/div>\n<div id=\"Ecocardiografia\" class=\"tab-pane\">\n<p>&nbsp;<\/p>\n<p>\u00c8 un metodo che utilizza gli ultrasuoni per esplorare l&#8217;anatomia e la funzione del cuore. Con l\u2019ecocardiografia si possono per esempio osservare dei movimenti anomali della parete cardiaca che indicano un precedente infarto. Anche il funzionamento delle valvole cardiache e il flusso del sangue nel cuore si possono esaminare bene con l\u2019ecocardiografia.<\/p>\n<\/div>\n<div id=\"doppler\" class=\"tab-pane\">\n<p>&nbsp;<\/p>\n<p>Sfrutta le modalit\u00e0 con cui vengono riflessi gli ultrasuoni dal sangue in movimento per verificare la forma di arterie e vene, quanto sangue vi passa, se vi sono malformazioni, restringimenti od occlusioni.<\/p>\n<\/div>\n<div id=\"Coronarografia\" class=\"tab-pane\">\n<p>&nbsp;<\/p>\n<p>Con la coronarografia (angiografia coronarica) \u00e8 possibile rappresentare in immagini le coronarie, trovando cos\u00ec per esempio delle stenosi (restringimenti) vascolari che provocano l\u2019angina pectoris.<\/p>\n<\/div>\n<div id=\"computerizzata\" class=\"tab-pane\">\n<p>&nbsp;<\/p>\n<p>\u00c8 un esame radiologico che consente di visualizzare le coronarie, svelando eventuali placche aterosclerotiche<\/p>\n<\/div>\n<div id=\"Soccorso\" class=\"tab-pane\">\n<p>&nbsp;<\/p>\n<p>Nel caso di infarto cardiaco, la diagnosi viene fatta in base ai sintomi, alla storia medica personale e familiare e ad i risultati dei test diagnostici.<\/p>\n<p>Generalmente vengono eseguiti questi test:<br \/>\n<b>ECG:<\/b> Determinati cambiamenti nell\u2019aspetto delle onde elettriche su un elettrocardiogramma sono segnali importanti di un infarto del miocardio.<br \/>\n<b>Analisi del sangue:<\/b> Durante un attacco cardiaco le cellule del muscolo cardiacomuoiono e rilasciano alcune proteine nel sangue. L\u2019esame del sangue di massima utilit\u00e0 \u00e8 il test per le troponine cardiache, i test per CK-MB, e miogloblina. Negli ultimi anni la messa a punto di dosaggi ad alta sensibilit\u00e0 per le troponine ha reso estremamente precisa ed efficiente la diagnostica di queste patologie e facilitato la definizione della prognosi.<br \/>\nGli esami del sangue sono spesso ripetuti per verificare i cambiamenti che si verificano col passare del tempo.<br \/>\n<b>Angiografia coronarica:<\/b> L\u2019angiografia coronarica \u00e8 un esame speciale a raggi x del cuore e dei vasi sanguigni. Viene spesso fatto nel corso di un attacco cardiaco per individuare le ostruzioni nelle arterie coronarie.<\/p>\n<p>Dopo la diagnosi di infarto i medici del Pronto Soccorso inviano l\u2019ammalato al reparto specializzato: l\u2019Unit\u00e0 coronarica dell\u2019ospedale.<br \/>\nLa rapidit\u00e0 del ricovero \u00e8 l\u2019elemento pi\u00f9 importante anche per determinare la possibilit\u00e0, dopo il periodo di riabilitazione, di riprendere una vita regolare.<\/p>\n<\/div>\n<\/div>\n<\/div>\n<div class=\"row\"><\/div>\n<div class=\"row\"><\/div>\n<p><!-- end content --><\/p>\n","protected":false},"excerpt":{"rendered":"<p>Profilo lipidico Trigliceridemia Glicemia Proteina C-reattiva Fibrinogeno Pressione arteriosa Circonferenza vita &nbsp; Indice di Massa Corporea (IMC) Elettrocardiogramma Ecocardiografia Eco-doppler Coronarografia Tomografia computerizzata Al Pronto Soccorso &nbsp; Il colesterolo in pi\u00f9 nel sangue pu\u00f2 essere depositato sotto forma di placche sulle pareti dei vasi sanguigni e questi accumuli possono diminuire o bloccare il passaggio di<\/p>\n","protected":false},"author":2,"featured_media":0,"parent":0,"menu_order":0,"comment_status":"closed","ping_status":"closed","template":"","meta":[],"_links":{"self":[{"href":"https:\/\/test.cristianomichelangeli.com\/vivi2019\/wp-json\/wp\/v2\/pages\/135"}],"collection":[{"href":"https:\/\/test.cristianomichelangeli.com\/vivi2019\/wp-json\/wp\/v2\/pages"}],"about":[{"href":"https:\/\/test.cristianomichelangeli.com\/vivi2019\/wp-json\/wp\/v2\/types\/page"}],"author":[{"embeddable":true,"href":"https:\/\/test.cristianomichelangeli.com\/vivi2019\/wp-json\/wp\/v2\/users\/2"}],"replies":[{"embeddable":true,"href":"https:\/\/test.cristianomichelangeli.com\/vivi2019\/wp-json\/wp\/v2\/comments?post=135"}],"version-history":[{"count":5,"href":"https:\/\/test.cristianomichelangeli.com\/vivi2019\/wp-json\/wp\/v2\/pages\/135\/revisions"}],"predecessor-version":[{"id":3285,"href":"https:\/\/test.cristianomichelangeli.com\/vivi2019\/wp-json\/wp\/v2\/pages\/135\/revisions\/3285"}],"wp:attachment":[{"href":"https:\/\/test.cristianomichelangeli.com\/vivi2019\/wp-json\/wp\/v2\/media?parent=135"}],"curies":[{"name":"wp","href":"https:\/\/api.w.org\/{rel}","templated":true}]}}