{"id":2187,"date":"2024-12-05T01:18:12","date_gmt":"2024-12-05T01:18:12","guid":{"rendered":"https:\/\/test.cristianomichelangeli.com\/stylarredo\/?post_type=product&#038;p=2187"},"modified":"2024-12-05T01:18:12","modified_gmt":"2024-12-05T01:18:12","slug":"cucina-con-penisola-modulnova-skill","status":"publish","type":"product","link":"https:\/\/test.cristianomichelangeli.com\/stylarredo\/product\/cucina-con-penisola-modulnova-skill\/","title":{"rendered":"Cucina con penisola Modulnova Skill"},"content":{"rendered":"<p>La\u00a0<strong>cucina con penisola Modulnova Skill<\/strong>\u00a0\u00e8 la soluzione perfetta per chi cerca un ambiente moderno e funzionale. Grazie al design contemporaneo e alle finiture di alta qualit\u00e0, questa cucina si adatta a qualsiasi spazio, donando un tocco di eleganza e raffinatezza. La\u00a0<strong>penisola<\/strong>\u00a0consente di avere un&#8217;ampia zona di lavoro, perfetta per cucinare e preparare i pasti, mentre il gruppo colonne garantisce un ampio spazio contenitivo. Inoltre, la cucina \u00e8 dotata di tecnologie all&#8217;avanguardia che la rendono estremamente funzionale e pratica.\u00a0<strong>Modulnova Skill<\/strong>\u00a0\u00e8 la scelta ideale per chi cerca una cucina che unisca funzionalit\u00e0 e design, senza rinunciare alla qualit\u00e0 e alla durata nel tempo. Cogli al volo questa\u00a0<strong>offerta<\/strong>\u00a0e contattaci per scoprire le eccellenti qualit\u00e0 della\u00a0<strong>cucina di design Modulnova Skill<\/strong>.<\/p>\n<h2>Caratteristiche della Cucina con penisola Modulnova Skill<\/h2>\n<p>Elenchiamo di seguito le principali\u00a0<strong>caratteristiche<\/strong>\u00a0della\u00a0<strong>cucina con penisola Modulnova Skill<\/strong>:<\/p>\n<ul>\n<li><strong>Produttore<\/strong>: Modulnova;<\/li>\n<li><strong>Modello<\/strong>: Skill;<\/li>\n<li><strong>Tipologia<\/strong>: cucina con penisola;<\/li>\n<li><strong>Ante<\/strong>: Ante finitura Argilla;<\/li>\n<li><strong>Top<\/strong>: HPL finitura Argilla;<\/li>\n<li><strong>Maniglie<\/strong>: cucina con Gola;<\/li>\n<li><strong>Zona colonne:<\/strong>\n<ul>\n<li>2 colonne contenitive<\/li>\n<li>Colonna frigo-congelatore<\/li>\n<li>Colonna forno e microonde<\/li>\n<\/ul>\n<\/li>\n<li><strong>Cucina con penisola composta da<\/strong>:\n<ul>\n<li>Base ad angolo;<\/li>\n<li>Base sottolavello con kit portarifiuti;<\/li>\n<li>Base ad angolo;<\/li>\n<li>2 basi con anta e 3 cassetti interni da 60 cm;<\/li>\n<li>Base da 60 cm con anta terminale;<\/li>\n<li>5 retrobasi da 60 cm con anta profondit\u00e0 35 cm;<\/li>\n<\/ul>\n<\/li>\n<li><strong>Schienale<\/strong>\u00a0in Gres Calacata;<\/li>\n<li><strong>Boiserie<\/strong>\u00a0a doghe con retroled integrato;<\/li>\n<li><strong>Pensile<\/strong>\u00a0con anta unica da 210 cm.<\/li>\n<\/ul>\n","protected":false},"excerpt":{"rendered":"<p>La\u00a0cucina con penisola Modulnova Skill\u00a0\u00e8 la soluzione perfetta per chi cerca un ambiente moderno e funzionale. Grazie&#8230;<\/p>\n","protected":false},"featured_media":2190,"comment_status":"open","ping_status":"closed","template":"","meta":[],"etheme_brands":[],"product_brand":[],"product_cat":[100],"product_tag":[],"class_list":{"0":"post-2187","1":"product","2":"type-product","3":"status-publish","4":"has-post-thumbnail","6":"product_cat-cucine","8":"first","9":"instock","10":"sale","11":"shipping-taxable","12":"purchasable","13":"product-type-simple"},"_links":{"self":[{"href":"https:\/\/test.cristianomichelangeli.com\/stylarredo\/wp-json\/wp\/v2\/product\/2187","targetHints":{"allow":["GET"]}}],"collection":[{"href":"https:\/\/test.cristianomichelangeli.com\/stylarredo\/wp-json\/wp\/v2\/product"}],"about":[{"href":"https:\/\/test.cristianomichelangeli.com\/stylarredo\/wp-json\/wp\/v2\/types\/product"}],"replies":[{"embeddable":true,"href":"https:\/\/test.cristianomichelangeli.com\/stylarredo\/wp-json\/wp\/v2\/comments?post=2187"}],"version-history":[{"count":1,"href":"https:\/\/test.cristianomichelangeli.com\/stylarredo\/wp-json\/wp\/v2\/product\/2187\/revisions"}],"predecessor-version":[{"id":2198,"href":"https:\/\/test.cristianomichelangeli.com\/stylarredo\/wp-json\/wp\/v2\/product\/2187\/revisions\/2198"}],"wp:featuredmedia":[{"embeddable":true,"href":"https:\/\/test.cristianomichelangeli.com\/stylarredo\/wp-json\/wp\/v2\/media\/2190"}],"wp:attachment":[{"href":"https:\/\/test.cristianomichelangeli.com\/stylarredo\/wp-json\/wp\/v2\/media?parent=2187"}],"wp:term":[{"taxonomy":"brand","embeddable":true,"href":"https:\/\/test.cristianomichelangeli.com\/stylarredo\/wp-json\/wp\/v2\/etheme_brands?post=2187"},{"taxonomy":"product_brand","embeddable":true,"href":"https:\/\/test.cristianomichelangeli.com\/stylarredo\/wp-json\/wp\/v2\/product_brand?post=2187"},{"taxonomy":"product_cat","embeddable":true,"href":"https:\/\/test.cristianomichelangeli.com\/stylarredo\/wp-json\/wp\/v2\/product_cat?post=2187"},{"taxonomy":"product_tag","embeddable":true,"href":"https:\/\/test.cristianomichelangeli.com\/stylarredo\/wp-json\/wp\/v2\/product_tag?post=2187"}],"curies":[{"name":"wp","href":"https:\/\/api.w.org\/{rel}","templated":true}]}}