{"id":4242,"date":"2023-06-18T19:11:47","date_gmt":"2023-06-18T19:11:47","guid":{"rendered":"https:\/\/test.cristianomichelangeli.com\/cascata\/?page_id=4242"},"modified":"2023-06-18T21:10:48","modified_gmt":"2023-06-18T21:10:48","slug":"prova-contatto-guide","status":"publish","type":"page","link":"https:\/\/test.cristianomichelangeli.com\/cascata\/prova-contatto-guide\/","title":{"rendered":"ACCREDITAMENTO GUIDE"},"content":{"rendered":"\t\t<div data-elementor-type=\"wp-page\" data-elementor-id=\"4242\" class=\"elementor elementor-4242\">\n\t\t\t\t\t\t\t\t\t<section class=\"elementor-section elementor-top-section elementor-element elementor-element-55faac7e elementor-section-boxed elementor-section-height-default elementor-section-height-default\" data-id=\"55faac7e\" data-element_type=\"section\" data-settings=\"{&quot;background_background&quot;:&quot;classic&quot;}\">\n\t\t\t\t\t\t<div class=\"elementor-container elementor-column-gap-default\">\n\t\t\t\t\t<div class=\"elementor-column elementor-col-50 elementor-top-column elementor-element elementor-element-34012416\" data-id=\"34012416\" data-element_type=\"column\" data-settings=\"{&quot;background_background&quot;:&quot;classic&quot;}\">\n\t\t\t<div class=\"elementor-widget-wrap elementor-element-populated\">\n\t\t\t\t\t\t\t\t<div class=\"elementor-element elementor-element-819434c elementor-widget elementor-widget-spacer\" data-id=\"819434c\" data-element_type=\"widget\" data-widget_type=\"spacer.default\">\n\t\t\t\t<div class=\"elementor-widget-container\">\n\t\t\t\t\t<div class=\"elementor-spacer\">\n\t\t\t<div class=\"elementor-spacer-inner\"><\/div>\n\t\t<\/div>\n\t\t\t\t<\/div>\n\t\t\t\t<\/div>\n\t\t\t\t<div class=\"elementor-element elementor-element-99c2224 elementor-widget elementor-widget-heading\" data-id=\"99c2224\" data-element_type=\"widget\" data-widget_type=\"heading.default\">\n\t\t\t\t<div class=\"elementor-widget-container\">\n\t\t\t<h2 class=\"elementor-heading-title elementor-size-default\">ACCREDITAMENTO GUIDE\n<\/h2>\t\t<\/div>\n\t\t\t\t<\/div>\n\t\t\t\t<div class=\"elementor-element elementor-element-2b3cc26 elementor-widget elementor-widget-spacer\" data-id=\"2b3cc26\" data-element_type=\"widget\" data-widget_type=\"spacer.default\">\n\t\t\t\t<div class=\"elementor-widget-container\">\n\t\t\t\t\t<div class=\"elementor-spacer\">\n\t\t\t<div class=\"elementor-spacer-inner\"><\/div>\n\t\t<\/div>\n\t\t\t\t<\/div>\n\t\t\t\t<\/div>\n\t\t\t\t<div class=\"elementor-element elementor-element-68c7c19 elementor-widget elementor-widget-text-editor\" data-id=\"68c7c19\" data-element_type=\"widget\" data-widget_type=\"text-editor.default\">\n\t\t\t\t<div class=\"elementor-widget-container\">\n\t\t\t\t\t\t\t<p>Le guide turistiche ed escursionistiche nell\u2019esercizio della loro professione, al fine di accedere al Parco della Cascata delle Marmore, dovranno necessariamente effettuare una procedura di accreditamento.<\/p>\n<p>E\u2019 richiesta la compilazione del form al link sottostante, allegando carta d\u2019identit\u00e0 e documenti che attestino le abilitazioni e lo status di professionista.<\/p>\t\t\t\t\t\t<\/div>\n\t\t\t\t<\/div>\n\t\t\t\t<div class=\"elementor-element elementor-element-40522e0 elementor-widget elementor-widget-spacer\" data-id=\"40522e0\" data-element_type=\"widget\" data-widget_type=\"spacer.default\">\n\t\t\t\t<div class=\"elementor-widget-container\">\n\t\t\t\t\t<div class=\"elementor-spacer\">\n\t\t\t<div class=\"elementor-spacer-inner\"><\/div>\n\t\t<\/div>\n\t\t\t\t<\/div>\n\t\t\t\t<\/div>\n\t\t\t\t<div class=\"elementor-element elementor-element-17be31fd elementor-widget elementor-widget-text-editor\" data-id=\"17be31fd\" data-element_type=\"widget\" data-widget_type=\"text-editor.default\">\n\t\t\t\t<div class=\"elementor-widget-container\">\n\t\t\t\t\t\t\t<!-- wp:contact-form-7\/contact-form-selector {\"id\":4241,\"title\":\"Modulo di contatto 1\"} -->\n<div class=\"wp-block-contact-form-7-contact-form-selector\">\n<div class=\"wpcf7 no-js\" id=\"wpcf7-f4241-o1\" lang=\"it-IT\" dir=\"ltr\">\n<div class=\"screen-reader-response\"><p role=\"status\" aria-live=\"polite\" aria-atomic=\"true\"><\/p> <ul><\/ul><\/div>\n<form action=\"\/cascata\/wp-json\/wp\/v2\/pages\/4242#wpcf7-f4241-o1\" method=\"post\" class=\"wpcf7-form init\" aria-label=\"Modulo di contatto\" enctype=\"multipart\/form-data\" novalidate=\"novalidate\" data-status=\"init\">\n<div style=\"display: none;\">\n<input type=\"hidden\" name=\"_wpcf7\" value=\"4241\" \/>\n<input type=\"hidden\" name=\"_wpcf7_version\" value=\"5.7.7\" \/>\n<input type=\"hidden\" name=\"_wpcf7_locale\" value=\"it_IT\" \/>\n<input type=\"hidden\" name=\"_wpcf7_unit_tag\" value=\"wpcf7-f4241-o1\" \/>\n<input type=\"hidden\" name=\"_wpcf7_container_post\" value=\"0\" \/>\n<input type=\"hidden\" name=\"_wpcf7_posted_data_hash\" value=\"\" \/>\n<\/div>\n<p><label> Il tuo nome<br \/>\n<span class=\"wpcf7-form-control-wrap\" data-name=\"nome\"><input size=\"40\" class=\"wpcf7-form-control wpcf7-text wpcf7-validates-as-required\" autocomplete=\"nome\" aria-required=\"true\" aria-invalid=\"false\" value=\"\" type=\"text\" name=\"nome\" \/><\/span> <\/label>\n<\/p>\n<p><label> Il tuo cognome<br \/>\n<span class=\"wpcf7-form-control-wrap\" data-name=\"cognome\"><input size=\"40\" class=\"wpcf7-form-control wpcf7-text wpcf7-validates-as-required\" autocomplete=\"cognome\" aria-required=\"true\" aria-invalid=\"false\" value=\"\" type=\"text\" name=\"cognome\" \/><\/span> <\/label>\n<\/p>\n<p><label> La tua email<br \/>\n<span class=\"wpcf7-form-control-wrap\" data-name=\"email\"><input size=\"40\" class=\"wpcf7-form-control wpcf7-text wpcf7-email wpcf7-validates-as-required wpcf7-validates-as-email\" autocomplete=\"email\" aria-required=\"true\" aria-invalid=\"false\" value=\"\" type=\"email\" name=\"email\" \/><\/span> <\/label>\n<\/p>\n<p><label> Luogo di Nascita<br \/>\n<span class=\"wpcf7-form-control-wrap\" data-name=\"luogonascita\"><input size=\"40\" class=\"wpcf7-form-control wpcf7-text wpcf7-validates-as-required\" autocomplete=\"email\" aria-required=\"true\" aria-invalid=\"false\" value=\"\" type=\"text\" name=\"luogonascita\" \/><\/span> <\/label>\n<\/p>\n<p><label> Data di Nascita<br \/>\n<span class=\"wpcf7-form-control-wrap\" data-name=\"datadinascita\"><input class=\"wpcf7-form-control wpcf7-date wpcf7-validates-as-required wpcf7-validates-as-date\" aria-required=\"true\" aria-invalid=\"false\" value=\"\" type=\"date\" name=\"datadinascita\" \/><\/span> <\/label>\n<\/p>\n<p><label> Qualifica professionale per la quale si chiede l&#8217;accreditamento<\/label><br \/>\n<span class=\"wpcf7-form-control-wrap\" data-name=\"qualifica\"><span class=\"wpcf7-form-control wpcf7-radio\"><span class=\"wpcf7-list-item first\"><label><input type=\"radio\" name=\"qualifica\" value=\"Guida Turistica\" checked=\"checked\" \/><span class=\"wpcf7-list-item-label\">Guida Turistica<\/span><\/label><\/span><span class=\"wpcf7-list-item last\"><label><input type=\"radio\" name=\"qualifica\" value=\"Guida Escursionistica\" \/><span class=\"wpcf7-list-item-label\">Guida Escursionistica<\/span><\/label><\/span><\/span><\/span><br \/>\n<hr \/>\n<\/p>\n<p><b>DICHIARAZIONE SOSTITUTIVA DI CERTIFICAZIONE<\/b><br \/>\n(art. 46 D.P.R.28 dicembre 2000 n. 445 )<br \/>\nIl sottoscritto, consapevole che chiunque rilasci dichiarazioni mendaci \u00e8 punito ai sensi del codice penale e delle leggi speciali in materia, ai sensi e per gli effetti dell&#8217;art. 46 D.P.R. n. 445\/2000<br \/>\n<strong> INVIANDO QUESTO MODULO DICHIARA<\/strong> che sono veritiere le informazioni comunicate e i documenti allegati.\n<\/p>\n<h4>DOCUMENTI ATTESTANTI LA QUALIFICA PROFESSIONALE\n<\/h4>\n<div style=\"margin:20px; background-color:#fafafa; padding:15px\">\n\t<h5>Documento di identit\u00e0\n\t<\/h5>\n\t<p><span class=\"wpcf7-form-control-wrap\" data-name=\"documento\"><input size=\"40\" class=\"wpcf7-form-control wpcf7-file\" accept=\".pdf\" aria-invalid=\"false\" type=\"file\" name=\"documento\" \/><\/span>\n\t<\/p>\n\t<h5>Allegare patentini, diplomi, certificazioni attestanti la qualifica professionale (PDF, fino a 5 file)\n\t<\/h5>\n\t<p><span class=\"wpcf7-form-control-wrap\" data-name=\"attestati\"><input size=\"40\" class=\"wpcf7-form-control wpcf7-drag-n-drop-file d-none\" aria-invalid=\"false\" type=\"file\" multiple=\"multiple\" data-name=\"attestati\" data-type=\"pdf\" data-limit=\"10000000\" data-min=\"0\" data-max=\"5\" data-id=\"4241\" data-version=\"free version 1.3.6.9\" accept=\".pdf\" data-black-list=\"exe|bat|com\" \/><\/span>\n\t<\/p>\n<\/div>\n<p><strong>Informativa Privacy<\/strong>\n<\/p>\n<div style=\"width:100%; height:300px; font-size:12px; border:1px solid #aaa; background:#fff; overflow:scroll; padding:15px\">\n\t<p>Informativa sul trattamento dei dati personali forniti con la richiesta (ai sensi dell\u2019art. 13 del Regolamento UE 679\/2016 &#8211; GDPR)<br \/>\n1. Titolare del trattamento<br \/>\nIl Titolare del trattamento dei dati \u00e8 il Comune di Terni con sede in P.za M. Ridolfi n. 1 \u2013 05100, Terni; Tel.: 0744.5491, PEC: comune.terni@postacert.umbria.it<br \/>\n2. Dati di contatto del Responsabile della protezione dei dati<br \/>\nMAIL: rpd@comune.terni.it ; PEC: comune.terni@postacert.umbria.it; Indirizzo: P. M. Ridolfi n. 1, 05100, Terni; Tel.: 0744\/5491.<br \/>\n3.Finalit\u00e0 del trattamento e base giuridica<br \/>\nIl trattamento dei dati richiesti all\u2019interessato \u00e8 necessario per l\u2019esecuzione di un compito di interesse pubblico o connesso all\u2019esercizio di pubblici poteri di cui \u00e8 investito il Titolare del trattamento, ai sensi dell\u2019art. 6, lett. e) del Regolamento UE 2016\/679, secondo quanto previsto dal D.lgs. n. 33\/2013, artt. 5 e 5 bis.<br \/>\n4. Destinatari dei dati personali<br \/>\nI dati saranno trattati all\u2019interno dell\u2019Ente da soggetti autorizzati dal Titolare del trattamento (Responsabili del trattamento ed eventuali soggetti incaricati). I dati personali potranno essere comunicati ad altri soggetti pubblici e\/o privati unicamente in forza di una disposizione di Legge o di Regolamento che lo preveda. I<br \/>\ndati non saranno trasferiti a paesi terzi.<br \/>\n5. Modalit\u00e0 del trattamento<br \/>\nIn relazione alle finalit\u00e0 di cui sopra, il trattamento dei dati personali avverr\u00e0 con modalit\u00e0 informatiche e cartacee, in modo da garantire la riservatezza e la<br \/>\nsicurezza degli stessi.<br \/>\n6. Periodo di conservazione dei dati<br \/>\nI dati saranno conservati per il periodo necessario al raggiungimento delle finalit\u00e0 per le quali sono stati raccolti.<br \/>\n7. Diritti dell\u2019interessato<br \/>\nAll\u2019interessato sono riconosciuti i diritti di cui agli artt. 15, 16, 17, 18 GDPR e, in particolare, il diritto di accedere ai propri dati personali, di chiederne la rettifica, la cancellazione, la limitazione, la portabilit\u00e0; l\u2019interessato, altres\u00ec, pu\u00f2 proporre opposizione da presentare al Titolare del trattamento e reclamo da presentare all\u2019autorit\u00e0 di controllo (www.garanteprivacy.it). In merito all\u2019esercizio di tali diritti, l\u2019interessato pu\u00f2 contattare il RPD del Comune di Terni.\n\t<\/p>\n<\/div>\n<p><span class=\"wpcf7-form-control-wrap\" data-name=\"privacy\"><span class=\"wpcf7-form-control wpcf7-acceptance\"><span class=\"wpcf7-list-item\"><label><input type=\"checkbox\" name=\"privacy\" value=\"1\" aria-invalid=\"false\" \/><span class=\"wpcf7-list-item-label\">Ho preso visione dell&#8217;informativa sulla Privacy *<\/span><\/label><\/span><\/span><\/span>\n<\/p>\n<p><input class=\"wpcf7-form-control has-spinner wpcf7-submit\" type=\"submit\" value=\"Invia\" \/>\n<\/p><div class=\"wpcf7-response-output\" aria-hidden=\"true\"><\/div>\n<\/form>\n<\/div>\n<\/div>\n<!-- \/wp:contact-form-7\/contact-form-selector -->\t\t\t\t\t\t<\/div>\n\t\t\t\t<\/div>\n\t\t\t\t\t<\/div>\n\t\t<\/div>\n\t\t\t\t<div class=\"elementor-column elementor-col-50 elementor-top-column elementor-element elementor-element-95b875c\" data-id=\"95b875c\" data-element_type=\"column\">\n\t\t\t<div class=\"elementor-widget-wrap\">\n\t\t\t\t\t\t\t\t\t<\/div>\n\t\t<\/div>\n\t\t\t\t\t\t\t<\/div>\n\t\t<\/section>\n\t\t\t\t\t\t\t<\/div>\n\t\t","protected":false},"excerpt":{"rendered":"<p>ACCREDITAMENTO GUIDE Le guide turistiche ed escursionistiche nell\u2019esercizio della loro professione, al fine di accedere al Parco della Cascata delle Marmore, dovranno necessariamente effettuare una procedura di accreditamento. E\u2019 richiesta la compilazione del form al link sottostante, allegando carta d\u2019identit\u00e0 e documenti che attestino le abilitazioni e lo status di professionista.<\/p>\n","protected":false},"author":5,"featured_media":0,"parent":0,"menu_order":0,"comment_status":"closed","ping_status":"closed","template":"elementor_header_footer","meta":[],"_links":{"self":[{"href":"https:\/\/test.cristianomichelangeli.com\/cascata\/wp-json\/wp\/v2\/pages\/4242"}],"collection":[{"href":"https:\/\/test.cristianomichelangeli.com\/cascata\/wp-json\/wp\/v2\/pages"}],"about":[{"href":"https:\/\/test.cristianomichelangeli.com\/cascata\/wp-json\/wp\/v2\/types\/page"}],"author":[{"embeddable":true,"href":"https:\/\/test.cristianomichelangeli.com\/cascata\/wp-json\/wp\/v2\/users\/5"}],"replies":[{"embeddable":true,"href":"https:\/\/test.cristianomichelangeli.com\/cascata\/wp-json\/wp\/v2\/comments?post=4242"}],"version-history":[{"count":17,"href":"https:\/\/test.cristianomichelangeli.com\/cascata\/wp-json\/wp\/v2\/pages\/4242\/revisions"}],"predecessor-version":[{"id":9804,"href":"https:\/\/test.cristianomichelangeli.com\/cascata\/wp-json\/wp\/v2\/pages\/4242\/revisions\/9804"}],"wp:attachment":[{"href":"https:\/\/test.cristianomichelangeli.com\/cascata\/wp-json\/wp\/v2\/media?parent=4242"}],"curies":[{"name":"wp","href":"https:\/\/api.w.org\/{rel}","templated":true}]}}