{"id":874,"date":"2019-11-24T17:59:16","date_gmt":"2019-11-24T17:59:16","guid":{"rendered":"https:\/\/the7.io\/elementor-starter\/?page_id=874"},"modified":"2023-07-10T01:03:42","modified_gmt":"2023-07-10T01:03:42","slug":"about-extended","status":"publish","type":"page","link":"https:\/\/test.cristianomichelangeli.com\/cantus\/about-extended\/","title":{"rendered":"Statuto"},"content":{"rendered":"\t\t<div data-elementor-type=\"wp-page\" data-elementor-id=\"874\" class=\"elementor elementor-874\" data-elementor-post-type=\"page\">\n\t\t\t\t\t\t\t\t\t<section class=\"elementor-section elementor-top-section elementor-element elementor-element-a5d1f24 elementor-section-stretched elementor-section-content-middle elementor-reverse-mobile elementor-section-boxed elementor-section-height-default elementor-section-height-default\" data-id=\"a5d1f24\" data-element_type=\"section\" data-settings=\"{&quot;stretch_section&quot;:&quot;section-stretched&quot;}\">\n\t\t\t\t\t\t<div class=\"elementor-container elementor-column-gap-no\">\n\t\t\t\t\t<div class=\"elementor-column elementor-col-100 elementor-top-column elementor-element elementor-element-72290bbb\" data-id=\"72290bbb\" data-element_type=\"column\">\n\t\t\t<div class=\"elementor-widget-wrap elementor-element-populated\">\n\t\t\t\t\t\t\t\t<section class=\"elementor-section elementor-inner-section elementor-element elementor-element-8532f29 elementor-section-boxed elementor-section-height-default elementor-section-height-default\" data-id=\"8532f29\" data-element_type=\"section\">\n\t\t\t\t\t\t<div class=\"elementor-container elementor-column-gap-wider\">\n\t\t\t\t\t<div class=\"elementor-column elementor-col-100 elementor-inner-column elementor-element elementor-element-381f020\" data-id=\"381f020\" data-element_type=\"column\">\n\t\t\t<div class=\"elementor-widget-wrap elementor-element-populated\">\n\t\t\t\t\t\t\t\t<div class=\"elementor-element elementor-element-6869734 elementor-widget elementor-widget-spacer\" data-id=\"6869734\" data-element_type=\"widget\" data-widget_type=\"spacer.default\">\n\t\t\t\t<div class=\"elementor-widget-container\">\n\t\t\t\t\t<div class=\"elementor-spacer\">\n\t\t\t<div class=\"elementor-spacer-inner\"><\/div>\n\t\t<\/div>\n\t\t\t\t<\/div>\n\t\t\t\t<\/div>\n\t\t\t\t<div class=\"elementor-element elementor-element-0c7a1a8 elementor-widget elementor-widget-heading\" data-id=\"0c7a1a8\" data-element_type=\"widget\" data-widget_type=\"heading.default\">\n\t\t\t\t<div class=\"elementor-widget-container\">\n\t\t\t<h4 class=\"elementor-heading-title elementor-size-default\">statuto<\/h4>\t\t<\/div>\n\t\t\t\t<\/div>\n\t\t\t\t<div class=\"elementor-element elementor-element-6bded54 elementor-widget elementor-widget-spacer\" data-id=\"6bded54\" data-element_type=\"widget\" data-widget_type=\"spacer.default\">\n\t\t\t\t<div class=\"elementor-widget-container\">\n\t\t\t\t\t<div class=\"elementor-spacer\">\n\t\t\t<div class=\"elementor-spacer-inner\"><\/div>\n\t\t<\/div>\n\t\t\t\t<\/div>\n\t\t\t\t<\/div>\n\t\t\t\t<div class=\"elementor-element elementor-element-3fe2f135 elementor-widget elementor-widget-text-editor\" data-id=\"3fe2f135\" data-element_type=\"widget\" data-widget_type=\"text-editor.default\">\n\t\t\t\t<div class=\"elementor-widget-container\">\n\t\t\t\t\t\t\t<p><strong>Premessa<\/strong><\/p><p>Le persone che ora si costituiscono in associazione, da molti anni hanno fatto oggetto di propri studi, interessi e\/o passione, la musica sacra. L&#8217;associazio\u00adne nasce per favorire la loro collaborazione e il continuo progresso della ricerca.<\/p><p><strong>STATUTO<\/strong><\/p><p>Art. 1<br \/>E&#8217; costituita un&#8217;Associazione denominata San Michele Arcangelo.<br \/>L&#8217; associazione San Michele Arcangelo \u00e8 un&#8217;associazione senza fini di lucro.<\/p><p>Art. 2<br \/>L&#8217; associazione ha sede in Stroncone, presso il convento di S. Francesco.<\/p><p>Art. 3<br \/>Scopo dell&#8217;associazione \u00e8 lo studio, la riscoperta e la diffusione del patrimonio di musica sacra, liturgica e paraliturgica, in particolar modo in riferimento alla tradizione musicale occidentale di tutti i secoli.<br \/>Per il raggiungimento degli scopi prefissi, l&#8217;associazione pu\u00f2 svolgere le seguenti attivit\u00e0:<br \/>a) Svolgere attivit\u00e0 di ricerca.<br \/>b) Organizzare corsi di aggiornamento, formazione, qualificazione, perfezio\u00adnamento e di qualsiasi altro tipo nell&#8217;ambito delle discipline principali o sussi\u00addiarie allo studio della musica sacra e del suo repertorio.<br \/>c) Svolgere attivit\u00e0 editoriale in proprio o in collaborazione con soggetti privati, su carta (con proprie testate), mezzi elettronici, radio TV, cavo o di produzione di CD audio o CD-Rom.<br \/>d) Organizzare attivit\u00e0 musicali (concerti, rassegne corali o concertistiche o altro), artistiche, liturgiche, in proprio o in collaborazione con persone, societ\u00e0 o enti.<br \/>e) Qualsiasi altra attivit\u00e0 utile al perseguimento degli scopi prefissi.<\/p><p>Art. 4<br \/>Sono associati dell&#8217;Associazione &#8220;San Michele Arcangelo&#8221;, oltre ai partecipanti all&#8217;atto costituivo, tutti coloro, persone fisiche o giuridiche, associazioni o enti, che ne condividono in modo espresso gli scopi, che presentano domanda scritta di adesione, e che siano accettati quali soci dal comitato direttivo.<br \/>Gli associati devono versare quote associative annuali ed ogni altro contributo (anche in prestazione d&#8217;opera professionale) richiesto dal comitato direttivo.<br \/>Gli associati sono tenuti all&#8217;osservanza dello statuto, dei regolamenti interni e delle deliberazioni adottate dagli organi sociali.<br \/>Le quote o i contributi associativi sono intrasmissibili ad eccezione dei trasfe\u00adrimenti a causa di morte e non sono rivalutabili.<\/p><p>Art. 5<br \/>Gli associati vengono ammessi a far parte dell&#8217;Associazione senza limiti di tempo.<br \/>Gli associati cessano di appartenere all&#8217;Associazione, oltre che per morte, per dimissione o decadenza.<br \/>Il recesso dell&#8217;associato pu\u00f2 avvenire in ogni momento: la dichiarazione di recesso deve essere comunicata per iscritto al Comitato Direttivo ed ha effetto immediato.<br \/>La decadenza \u00e8 pronunciata dal Comitato direttivo con delibera motivata contro gli associati:<br \/>a) che non partecipano alla vita dell&#8217;Associazione ovvero che tengono compor\u00adtamenti contrari agli scopi dell&#8217;Associazione;<br \/>b) che non eseguono in tutto o in parte il versamento delle quote sociali e ogni altro versamento richiesto dal Comitato Direttivo e\/o dall&#8217;Assemblea per il conseguimento dell&#8217;oggetto sociale;<br \/>c) che non adempiono i doveri inerenti alla qualit\u00e0 di associato o gli impegni assunti verso l&#8217;Associazione.<br \/>Tale provvedimento dovr\u00e0 essere comunicato all&#8217;associato dichiarato decaduto il quale, entro trenta giorni da tale comunicazione, pu\u00f2 ricorrere all&#8217;Assem\u00adblea mediante raccomandata inviata al Presidente dell&#8217;Associazione.<br \/>L&#8217;associato\u00a0che per qualsiasi motivo cessi di far parte dell&#8217;Associazione perde qualsiasi diritto sul patrimonio sociale.<\/p><p>Art. 6<br \/>Gli organi dell&#8217;Associazione sono:<br \/>a) l&#8217;Assemblea dei soci<br \/>b) il Comitato Direttivo<br \/>c) il Presidente<br \/>d) il Collegio dei Revisori.<\/p><p><strong>ASSEMBLEA<\/strong><\/p><p>Art. 7<br \/>L&#8217; Assemblea \u00e8 formata da tutti gli associati.<br \/>L&#8217; Assemblea \u00e8 convocata dal Presidente. Per la validit\u00e0 della sua costituzione e delle sue delibere in prima convocazione \u00e8 necessario che siano presenti o rappresentati almeno la met\u00e0 degli associati e le delibere saranno prese a maggioranza dei voti.<br \/>Nel caso di seconda convocazione, l&#8217;Assemblea sar\u00e0 valida qualunque sia il numero dei soci o dei voti e deliberer\u00e0 sempre a maggioranza semplice.<br \/>Per le delibere concernenti le modifiche allo Statuto sar\u00e0 tuttavia necessario il voto favorevole di almeno due terzi degli associati.<br \/>L&#8217; Assemblea si raduner\u00e0 almeno una volta all&#8217;anno. Spetta all&#8217;Assemblea deli\u00adberare in merito:<br \/>a) all&#8217;approvazione del bilancio preventivo e consuntivo,<br \/>b) alla nomina del Comitato Direttivo e del Collegio dei Revisori,<br \/>c) all&#8217;approvazione e alla modificazione dello Statuto e di eventuali regolamenti;<br \/>d) ad ogni altro argomento che il Comitato Direttivo intendesse sottoporre.<br \/>Le delibere dell&#8217;Assemblea verranno trascritte in apposito verbale.<\/p><p>Art. 8<br \/>L&#8217; Assemblea \u00e8 convocata, almeno otto giorni prima della riunione, mediante comunicazione scritta inviata tramite lettera, oppure inoltrata tramite telefax, con il consenso degli interessati. In caso di urgenza la convocazione potr\u00e0 essere fatta mediante invio di telegramma inoltrato almeno due giorni prima della data prevista per la riunione.<br \/>Ciascun associato ha diritto a un voto.<br \/>Ogni associato pu\u00f2 farsi rappresentare da un altro associato. Tuttavia nessun associato pu\u00f2 rappresentare pi\u00f9 di altri due associati.<\/p><p><strong>COMITATO DIRETTIVO<\/strong><\/p><p>Art. 9<br \/>L&#8217; Associazione \u00e8 amministrata da un Comitato Direttivo nominato dall&#8217;Assem\u00adblea, composto da tre a cinque membri scelti tra gli associati, i quali dure\u00adranno in carica cinque anni e comunque sino alla loro sostituzione.<br \/>Qualora durante il mandato venissero a mancare uno o pi\u00f9 membri del Comita\u00adto Direttivo, il Comitato Direttivo coopter\u00e0 altri membri in sostituzione dei membri mancanti; i membri cooptati dureranno in carica fino alla scadenza del Comitato Direttivo che li ha cooptati. Qualora venisse meno la maggioranza dei membri l&#8217;intero Comitato Direttivo si intender\u00e0 decaduto.<\/p><p>Art. 10<br \/>Al Comitato Direttivo spettano tutti i poteri di ordinaria e straordinaria amministrazione, ad eccezione di quelli che la legge o lo statuto riservano all&#8217;Assemblea.<br \/>Il Comitato Direttivo provvede alle attivit\u00e0 dell&#8217;Associazione e decide sulla destinazione degli utili e degli avanzi di gestione agli scopi istituzionali. E&#8217; in ogni caso fatto divieto al Comitato Direttivo la distribuzione, anche in modo indiretto, di utili o avanzi di gestione nonch\u00e9 fondi, riserve o capitale duran\u00adte la vita dell&#8217;Associazione, salvo che la destinazione o la distribuzione non siano imposte dalla legge.<br \/>Il Comitato Direttivo potr\u00e0 affidare incarichi agli associati o a terzi specifi\u00adcandone i compiti e gli eventuali rimborsi spese e\/o retribuzioni.<br \/>Potr\u00e0 inoltre delegare parte dei propri poteri a uno o pi\u00f9 membri del Comita\u00adto.<br \/>E&#8217; in sua facolt\u00e0 redigere regolamenti per la disciplina dell&#8217;attivit\u00e0 dell&#8217;Asso\u00adciazione i quali dovranno essere sottoposti all&#8217;Assemblea per l&#8217;approvazione.<br \/>Qualora non vi abbia provveduto l&#8217;Assemblea, il Comitato Direttivo nominer\u00e0 al suo interno il Presidente.<br \/>Il Comitato Direttivo deve riunirsi almeno due volte all&#8217;anno entro il trenta aprile per l&#8217;approvazione del bilancio consuntivo relativo all&#8217;anno precedente ed entro il trentuno dicembre per l&#8217;approvazione del bilancio preventivo rela\u00adtivo all&#8217;anno successivo.<br \/>Il bilancio consuntivo deve restare depositato in copia presso la sede dell&#8217;As\u00adsociazione durante i quindici giorni che precedono l&#8217;assemblea e finch\u00e9\u00a0sia approvato. Gli associati possono prenderne visione.<br \/>Il Comitato Direttivo \u00e8 convocato, almeno otto giorni prima della riunione, mediante comunicazione scritta inviata tramite lettera, oppure inoltrata tramite telefax, con il consenso degli interessati. In caso di urgenza la convocazione potr\u00e0 essere fatta mediante invio di telegramma inoltrato almeno due giorni prima della data prevista per la riunione.<br \/>Regole riguardanti altre forme (E-Mail) di convocazione o consultazione fra i membri del Copmitato direttivo saranno espresse nel regolamento dell&#8217;Associa\u00adzione.<\/p><p><b>PRESIDENTE<\/b><\/p><p>Art. 11<br \/>Il Presidente ed in sua assenza o impedimento il Vice Presidente ha la legale rappresentanza dell&#8217;ente di fronte ai terzi e in giudizio e d\u00e0 esecuzione alle delibere del Comitato Direttivo.<\/p><p><b>COLLEGIO DEI REVISORI<\/b><\/p><p>Art. 12<br \/>L&#8217; Assemblea nomina un collegio dei revisori dei conti composto da tre membri effettivi tra persone aventi idonea capacit\u00e0 professionale, che durano in carica tre anni e sono rieleggibili.<\/p><p><b>PATRIMONIO<\/b><\/p><p>Art. 13<br \/>Il capitale sociale \u00e8 costituito:<br \/>a) dai contributi annuali o straordinari dei soci;<br \/>b) dal fondo di riserva, che potr\u00e0 essere incrementato con contribuzioni straordinarie, lasciti, donazioni o con qualsiasi altra sopravvenienza;<br \/>c) da incassi;<br \/>d) da contributi dello Stato, di Enti pubblici, di Istituzioni pubbliche o private, italiane o straniere.<br \/>e) da eventuali entrate per servizi prestati dall&#8217;Associazione.<\/p><p><b>SCIOGLIMENTO<\/b><\/p><p>Art. 14<br \/>L&#8217; Associazione si estingue, secondo le modalit\u00e0 di cui all&#8217;art. 27 C.C.:<br \/>a) quando il patrimonio \u00e8 divenuto insufficiente rispetto agli scopi;<br \/>b) per le altre cause di cui all&#8217;art. 27 C.C.<br \/>In caso di estinzione l&#8217;Assemblea deliberer\u00e0 in merito alla devoluzione del patrimonio residuo ad altra associazione con finalit\u00e0 analoghe o ai fini di pubblica utilit\u00e0, sentito l&#8217;organismo di controllo di cui all&#8217;art. 3 comma 190 della legge 23 dicembre 1996, n. 662, e salvo diversa destinazione imposta dalla legge.<\/p><p><b>DISPOSIZIONI FINALI<\/b><\/p><p>Art. 15<br \/>Per tutto quanto non previsto dal presente statuto si fa riferimento alle norme del codice civile e le leggi in materia.<\/p>\t\t\t\t\t\t<\/div>\n\t\t\t\t<\/div>\n\t\t\t\t\t<\/div>\n\t\t<\/div>\n\t\t\t\t\t\t\t<\/div>\n\t\t<\/section>\n\t\t\t\t\t<\/div>\n\t\t<\/div>\n\t\t\t\t\t\t\t<\/div>\n\t\t<\/section>\n\t\t\t\t<section class=\"elementor-section elementor-top-section elementor-element elementor-element-629c55d elementor-section-full_width elementor-section-height-default elementor-section-height-default\" data-id=\"629c55d\" data-element_type=\"section\">\n\t\t\t\t\t\t<div class=\"elementor-container elementor-column-gap-no\">\n\t\t\t\t\t<div class=\"elementor-column elementor-col-100 elementor-top-column elementor-element elementor-element-5628862\" data-id=\"5628862\" data-element_type=\"column\">\n\t\t\t<div class=\"elementor-widget-wrap\">\n\t\t\t\t\t\t\t\t\t<\/div>\n\t\t<\/div>\n\t\t\t\t\t\t\t<\/div>\n\t\t<\/section>\n\t\t\t\t\t\t\t<\/div>\n\t\t","protected":false},"excerpt":{"rendered":"<p>statuto Premessa Le persone che ora si costituiscono in associazione, da molti anni hanno fatto oggetto di propri studi, interessi e\/o passione, la musica sacra. L&#8217;associazio\u00adne nasce per favorire la loro collaborazione e il continuo progresso della ricerca. STATUTO Art. 1 E&#8217; costituita un&#8217;Associazione denominata San Michele Arcangelo. L&#8217; associazione San Michele Arcangelo \u00e8 un&#8217;associazione&hellip;<\/p>\n","protected":false},"author":1,"featured_media":0,"parent":0,"menu_order":18,"comment_status":"closed","ping_status":"closed","template":"","meta":{"footnotes":""},"class_list":["post-874","page","type-page","status-publish","hentry"],"_links":{"self":[{"href":"https:\/\/test.cristianomichelangeli.com\/cantus\/wp-json\/wp\/v2\/pages\/874","targetHints":{"allow":["GET"]}}],"collection":[{"href":"https:\/\/test.cristianomichelangeli.com\/cantus\/wp-json\/wp\/v2\/pages"}],"about":[{"href":"https:\/\/test.cristianomichelangeli.com\/cantus\/wp-json\/wp\/v2\/types\/page"}],"author":[{"embeddable":true,"href":"https:\/\/test.cristianomichelangeli.com\/cantus\/wp-json\/wp\/v2\/users\/1"}],"replies":[{"embeddable":true,"href":"https:\/\/test.cristianomichelangeli.com\/cantus\/wp-json\/wp\/v2\/comments?post=874"}],"version-history":[{"count":7,"href":"https:\/\/test.cristianomichelangeli.com\/cantus\/wp-json\/wp\/v2\/pages\/874\/revisions"}],"predecessor-version":[{"id":6829,"href":"https:\/\/test.cristianomichelangeli.com\/cantus\/wp-json\/wp\/v2\/pages\/874\/revisions\/6829"}],"wp:attachment":[{"href":"https:\/\/test.cristianomichelangeli.com\/cantus\/wp-json\/wp\/v2\/media?parent=874"}],"curies":[{"name":"wp","href":"https:\/\/api.w.org\/{rel}","templated":true}]}}